{"id":604,"date":"2025-02-03T09:01:10","date_gmt":"2025-02-03T09:01:10","guid":{"rendered":"https:\/\/192.214.223.70:8800\/blog-kine\/?page_id=604"},"modified":"2025-03-06T02:07:47","modified_gmt":"2025-03-06T02:07:47","slug":"postoperatoire","status":"publish","type":"page","link":"https:\/\/cryo-ales.fr\/kine\/postoperatoire\/","title":{"rendered":"Post-op\u00e9ratoire"},"content":{"rendered":"\t\t<div data-elementor-type=\"wp-page\" data-elementor-id=\"604\" class=\"elementor elementor-604\">\n\t\t\t\t<div class=\"elementor-element elementor-element-2fe76e9 e-transform e-flex e-con-boxed e-con e-parent\" data-id=\"2fe76e9\" data-element_type=\"container\" data-settings=\"{&quot;background_background&quot;:&quot;slideshow&quot;,&quot;background_slideshow_gallery&quot;:[{&quot;id&quot;:52,&quot;url&quot;:&quot;https:\\\/\\\/cryo-ales.fr\\\/kine\\\/wp-content\\\/uploads\\\/2025\\\/01\\\/65f1e78cb636ed00146af1ca-65f1ea7bb636ed00146af22d-sd.png&quot;}],&quot;shape_divider_bottom&quot;:&quot;mountains&quot;,&quot;_transform_scale_effect_hover&quot;:{&quot;unit&quot;:&quot;px&quot;,&quot;size&quot;:1,&quot;sizes&quot;:[]},&quot;background_slideshow_loop&quot;:&quot;yes&quot;,&quot;background_slideshow_slide_duration&quot;:5000,&quot;background_slideshow_slide_transition&quot;:&quot;fade&quot;,&quot;background_slideshow_transition_duration&quot;:500,&quot;_transform_scale_effect_hover_tablet&quot;:{&quot;unit&quot;:&quot;px&quot;,&quot;size&quot;:&quot;&quot;,&quot;sizes&quot;:[]},&quot;_transform_scale_effect_hover_mobile&quot;:{&quot;unit&quot;:&quot;px&quot;,&quot;size&quot;:&quot;&quot;,&quot;sizes&quot;:[]}}\">\n\t\t\t\t\t<div class=\"e-con-inner\">\n\t\t\t\t<div class=\"elementor-shape elementor-shape-bottom\" data-negative=\"false\">\n\t\t\t<svg xmlns=\"http:\/\/www.w3.org\/2000\/svg\" viewBox=\"0 0 1000 100\" preserveAspectRatio=\"none\">\n\t<path class=\"elementor-shape-fill\" opacity=\"0.33\" d=\"M473,67.3c-203.9,88.3-263.1-34-320.3,0C66,119.1,0,59.7,0,59.7V0h1000v59.7 c0,0-62.1,26.1-94.9,29.3c-32.8,3.3-62.8-12.3-75.8-22.1C806,49.6,745.3,8.7,694.9,4.7S492.4,59,473,67.3z\"\/>\n\t<path class=\"elementor-shape-fill\" opacity=\"0.66\" d=\"M734,67.3c-45.5,0-77.2-23.2-129.1-39.1c-28.6-8.7-150.3-10.1-254,39.1 s-91.7-34.4-149.2,0C115.7,118.3,0,39.8,0,39.8V0h1000v36.5c0,0-28.2-18.5-92.1-18.5C810.2,18.1,775.7,67.3,734,67.3z\"\/>\n\t<path class=\"elementor-shape-fill\" d=\"M766.1,28.9c-200-57.5-266,65.5-395.1,19.5C242,1.8,242,5.4,184.8,20.6C128,35.8,132.3,44.9,89.9,52.5C28.6,63.7,0,0,0,0 h1000c0,0-9.9,40.9-83.6,48.1S829.6,47,766.1,28.9z\"\/>\n<\/svg>\t\t<\/div>\n\t\t\t\t<div class=\"elementor-element elementor-element-df34da3 animated-slow e-transform elementor-invisible elementor-widget elementor-widget-heading\" data-id=\"df34da3\" data-element_type=\"widget\" data-settings=\"{&quot;_animation&quot;:&quot;fadeInUp&quot;,&quot;_transform_scale_effect_hover&quot;:{&quot;unit&quot;:&quot;px&quot;,&quot;size&quot;:1.1,&quot;sizes&quot;:[]},&quot;_transform_scale_effect_hover_tablet&quot;:{&quot;unit&quot;:&quot;px&quot;,&quot;size&quot;:&quot;&quot;,&quot;sizes&quot;:[]},&quot;_transform_scale_effect_hover_mobile&quot;:{&quot;unit&quot;:&quot;px&quot;,&quot;size&quot;:&quot;&quot;,&quot;sizes&quot;:[]}}\" data-widget_type=\"heading.default\">\n\t\t\t\t<div class=\"elementor-widget-container\">\n\t\t\t\t\t<h1 class=\"elementor-heading-title elementor-size-default\">Post-op\u00e9ratoire<\/h1>\t\t\t\t<\/div>\n\t\t\t\t<\/div>\n\t\t\t\t<div class=\"elementor-element elementor-element-895b96f animated-slow e-transform elementor-invisible elementor-widget elementor-widget-text-editor\" data-id=\"895b96f\" data-element_type=\"widget\" data-settings=\"{&quot;_animation&quot;:&quot;fadeInUp&quot;,&quot;_animation_delay&quot;:300,&quot;_transform_scale_effect_hover&quot;:{&quot;unit&quot;:&quot;px&quot;,&quot;size&quot;:1.1,&quot;sizes&quot;:[]},&quot;_transform_scale_effect_hover_tablet&quot;:{&quot;unit&quot;:&quot;px&quot;,&quot;size&quot;:&quot;&quot;,&quot;sizes&quot;:[]},&quot;_transform_scale_effect_hover_mobile&quot;:{&quot;unit&quot;:&quot;px&quot;,&quot;size&quot;:&quot;&quot;,&quot;sizes&quot;:[]}}\" data-widget_type=\"text-editor.default\">\n\t\t\t\t<div class=\"elementor-widget-container\">\n\t\t\t\t\t\t\t\t\t<p>Une r\u00e9\u00e9ducation adapt\u00e9e pour retrouver votre mobilit\u00e9 apr\u00e8s une intervention. <\/p>\t\t\t\t\t\t\t\t<\/div>\n\t\t\t\t<\/div>\n\t\t\t\t\t<\/div>\n\t\t\t\t<\/div>\n\t\t<div class=\"elementor-element elementor-element-71e472c e-flex e-con-boxed e-con e-parent\" data-id=\"71e472c\" data-element_type=\"container\">\n\t\t\t\t\t<div class=\"e-con-inner\">\n\t\t\t\t<div class=\"elementor-element elementor-element-eda44fd animated-slow elementor-invisible elementor-widget elementor-widget-text-editor\" data-id=\"eda44fd\" data-element_type=\"widget\" data-settings=\"{&quot;_animation&quot;:&quot;fadeInUp&quot;}\" data-widget_type=\"text-editor.default\">\n\t\t\t\t<div class=\"elementor-widget-container\">\n\t\t\t\t\t\t\t\t\t<p>La kin\u00e9sith\u00e9rapie post-op\u00e9ratoire est essentielle pour favoriser la r\u00e9cup\u00e9ration apr\u00e8s une intervention chirurgicale. Elle vise \u00e0 r\u00e9duire la douleur, limiter les complications (comme les raideurs ou les adh\u00e9rences), restaurer la mobilit\u00e9 et renforcer les muscles.<\/p><div dir=\"auto\">\u00a0<\/div><div dir=\"auto\">Selon le type d&rsquo;op\u00e9ration (orthop\u00e9dique, abdominale, cardiaque, etc.), le programme peut inclure des exercices de mobilisation, du renforcement musculaire progressif, du drainage lymphatique ou des techniques respiratoires. L&rsquo;objectif est de retrouver une fonction optimale et d&rsquo;\u00e9viter les s\u00e9quelles \u00e0 long terme.<\/div>\t\t\t\t\t\t\t\t<\/div>\n\t\t\t\t<\/div>\n\t\t\t\t\t<\/div>\n\t\t\t\t<\/div>\n\t\t\t\t<\/div>\n\t\t","protected":false},"excerpt":{"rendered":"<p>Post-op\u00e9ratoire Une r\u00e9\u00e9ducation adapt\u00e9e pour retrouver votre mobilit\u00e9 apr\u00e8s une intervention. La kin\u00e9sith\u00e9rapie post-op\u00e9ratoire est essentielle pour favoriser la r\u00e9cup\u00e9ration apr\u00e8s une intervention chirurgicale. Elle vise \u00e0 r\u00e9duire la douleur, limiter les complications (comme les raideurs ou les adh\u00e9rences), restaurer la mobilit\u00e9 et renforcer les muscles. \u00a0Selon le type d&rsquo;op\u00e9ration (orthop\u00e9dique, abdominale, cardiaque, etc.), le [&hellip;]<\/p>\n","protected":false},"author":3,"featured_media":0,"parent":0,"menu_order":0,"comment_status":"closed","ping_status":"closed","template":"","meta":{"footnotes":""},"class_list":["post-604","page","type-page","status-publish","hentry"],"_links":{"self":[{"href":"https:\/\/cryo-ales.fr\/kine\/wp-json\/wp\/v2\/pages\/604","targetHints":{"allow":["GET"]}}],"collection":[{"href":"https:\/\/cryo-ales.fr\/kine\/wp-json\/wp\/v2\/pages"}],"about":[{"href":"https:\/\/cryo-ales.fr\/kine\/wp-json\/wp\/v2\/types\/page"}],"author":[{"embeddable":true,"href":"https:\/\/cryo-ales.fr\/kine\/wp-json\/wp\/v2\/users\/3"}],"replies":[{"embeddable":true,"href":"https:\/\/cryo-ales.fr\/kine\/wp-json\/wp\/v2\/comments?post=604"}],"version-history":[{"count":17,"href":"https:\/\/cryo-ales.fr\/kine\/wp-json\/wp\/v2\/pages\/604\/revisions"}],"predecessor-version":[{"id":1074,"href":"https:\/\/cryo-ales.fr\/kine\/wp-json\/wp\/v2\/pages\/604\/revisions\/1074"}],"wp:attachment":[{"href":"https:\/\/cryo-ales.fr\/kine\/wp-json\/wp\/v2\/media?parent=604"}],"curies":[{"name":"wp","href":"https:\/\/api.w.org\/{rel}","templated":true}]}}