{"id":607,"date":"2025-02-03T09:01:30","date_gmt":"2025-02-03T09:01:30","guid":{"rendered":"https:\/\/192.214.223.70:8800\/blog-kine\/?page_id=607"},"modified":"2025-03-06T02:09:29","modified_gmt":"2025-03-06T02:09:29","slug":"rhumatologie","status":"publish","type":"page","link":"https:\/\/cryo-ales.fr\/kine\/rhumatologie\/","title":{"rendered":"Rhumatologie"},"content":{"rendered":"\t\t<div data-elementor-type=\"wp-page\" data-elementor-id=\"607\" class=\"elementor elementor-607\">\n\t\t\t\t<div class=\"elementor-element elementor-element-a0d60a7 e-transform e-flex e-con-boxed e-con e-parent\" data-id=\"a0d60a7\" data-element_type=\"container\" data-settings=\"{&quot;background_background&quot;:&quot;slideshow&quot;,&quot;background_slideshow_gallery&quot;:[{&quot;id&quot;:52,&quot;url&quot;:&quot;https:\\\/\\\/cryo-ales.fr\\\/kine\\\/wp-content\\\/uploads\\\/2025\\\/01\\\/65f1e78cb636ed00146af1ca-65f1ea7bb636ed00146af22d-sd.png&quot;}],&quot;shape_divider_bottom&quot;:&quot;mountains&quot;,&quot;_transform_scale_effect_hover&quot;:{&quot;unit&quot;:&quot;px&quot;,&quot;size&quot;:1,&quot;sizes&quot;:[]},&quot;background_slideshow_loop&quot;:&quot;yes&quot;,&quot;background_slideshow_slide_duration&quot;:5000,&quot;background_slideshow_slide_transition&quot;:&quot;fade&quot;,&quot;background_slideshow_transition_duration&quot;:500,&quot;_transform_scale_effect_hover_tablet&quot;:{&quot;unit&quot;:&quot;px&quot;,&quot;size&quot;:&quot;&quot;,&quot;sizes&quot;:[]},&quot;_transform_scale_effect_hover_mobile&quot;:{&quot;unit&quot;:&quot;px&quot;,&quot;size&quot;:&quot;&quot;,&quot;sizes&quot;:[]}}\">\n\t\t\t\t\t<div class=\"e-con-inner\">\n\t\t\t\t<div class=\"elementor-shape elementor-shape-bottom\" data-negative=\"false\">\n\t\t\t<svg xmlns=\"http:\/\/www.w3.org\/2000\/svg\" viewBox=\"0 0 1000 100\" preserveAspectRatio=\"none\">\n\t<path class=\"elementor-shape-fill\" opacity=\"0.33\" d=\"M473,67.3c-203.9,88.3-263.1-34-320.3,0C66,119.1,0,59.7,0,59.7V0h1000v59.7 c0,0-62.1,26.1-94.9,29.3c-32.8,3.3-62.8-12.3-75.8-22.1C806,49.6,745.3,8.7,694.9,4.7S492.4,59,473,67.3z\"\/>\n\t<path class=\"elementor-shape-fill\" opacity=\"0.66\" d=\"M734,67.3c-45.5,0-77.2-23.2-129.1-39.1c-28.6-8.7-150.3-10.1-254,39.1 s-91.7-34.4-149.2,0C115.7,118.3,0,39.8,0,39.8V0h1000v36.5c0,0-28.2-18.5-92.1-18.5C810.2,18.1,775.7,67.3,734,67.3z\"\/>\n\t<path class=\"elementor-shape-fill\" d=\"M766.1,28.9c-200-57.5-266,65.5-395.1,19.5C242,1.8,242,5.4,184.8,20.6C128,35.8,132.3,44.9,89.9,52.5C28.6,63.7,0,0,0,0 h1000c0,0-9.9,40.9-83.6,48.1S829.6,47,766.1,28.9z\"\/>\n<\/svg>\t\t<\/div>\n\t\t\t\t<div class=\"elementor-element elementor-element-b586000 animated-slow e-transform elementor-invisible elementor-widget elementor-widget-heading\" data-id=\"b586000\" data-element_type=\"widget\" data-settings=\"{&quot;_animation&quot;:&quot;fadeInUp&quot;,&quot;_transform_scale_effect_hover&quot;:{&quot;unit&quot;:&quot;px&quot;,&quot;size&quot;:1.1,&quot;sizes&quot;:[]},&quot;_transform_scale_effect_hover_tablet&quot;:{&quot;unit&quot;:&quot;px&quot;,&quot;size&quot;:&quot;&quot;,&quot;sizes&quot;:[]},&quot;_transform_scale_effect_hover_mobile&quot;:{&quot;unit&quot;:&quot;px&quot;,&quot;size&quot;:&quot;&quot;,&quot;sizes&quot;:[]}}\" data-widget_type=\"heading.default\">\n\t\t\t\t<div class=\"elementor-widget-container\">\n\t\t\t\t\t<h1 class=\"elementor-heading-title elementor-size-default\">Rhumatologie<\/h1>\t\t\t\t<\/div>\n\t\t\t\t<\/div>\n\t\t\t\t<div class=\"elementor-element elementor-element-8a84ff3 animated-slow e-transform elementor-invisible elementor-widget elementor-widget-text-editor\" data-id=\"8a84ff3\" data-element_type=\"widget\" data-settings=\"{&quot;_animation&quot;:&quot;fadeInUp&quot;,&quot;_animation_delay&quot;:300,&quot;_transform_scale_effect_hover&quot;:{&quot;unit&quot;:&quot;px&quot;,&quot;size&quot;:1.1,&quot;sizes&quot;:[]},&quot;_transform_scale_effect_hover_tablet&quot;:{&quot;unit&quot;:&quot;px&quot;,&quot;size&quot;:&quot;&quot;,&quot;sizes&quot;:[]},&quot;_transform_scale_effect_hover_mobile&quot;:{&quot;unit&quot;:&quot;px&quot;,&quot;size&quot;:&quot;&quot;,&quot;sizes&quot;:[]}}\" data-widget_type=\"text-editor.default\">\n\t\t\t\t<div class=\"elementor-widget-container\">\n\t\t\t\t\t\t\t\t\t<p>Soulagez vos douleurs articulaires et am\u00e9liorez votre qualit\u00e9 de vie.<\/p>\t\t\t\t\t\t\t\t<\/div>\n\t\t\t\t<\/div>\n\t\t\t\t\t<\/div>\n\t\t\t\t<\/div>\n\t\t<div class=\"elementor-element elementor-element-b85b0b3 e-flex e-con-boxed e-con e-parent\" data-id=\"b85b0b3\" data-element_type=\"container\">\n\t\t\t\t\t<div class=\"e-con-inner\">\n\t\t\t\t<div class=\"elementor-element elementor-element-ac8c165 animated-slow elementor-invisible elementor-widget elementor-widget-text-editor\" data-id=\"ac8c165\" data-element_type=\"widget\" data-settings=\"{&quot;_animation&quot;:&quot;fadeInUp&quot;}\" data-widget_type=\"text-editor.default\">\n\t\t\t\t<div class=\"elementor-widget-container\">\n\t\t\t\t\t\t\t\t\t<p>La rhumatologie est une sp\u00e9cialit\u00e9 m\u00e9dicale qui se concentre sur le diagnostic et le traitement des maladies des articulations, des os, des muscles et des tissus conjonctifs. Les troubles courants incluent l&rsquo;arthrite, l&rsquo;ost\u00e9oarthrite, le lupus, et la fibromyalgie.<\/p><div dir=\"auto\">\u00a0<\/div><div dir=\"auto\">La kin\u00e9sith\u00e9rapie, d&rsquo;autre part, est une forme de physioth\u00e9rapie qui utilise des exercices physiques pour am\u00e9liorer la mobilit\u00e9, la force et la fonction. En rhumatologie, la kin\u00e9sith\u00e9rapie est souvent utilis\u00e9e pour g\u00e9rer les sympt\u00f4mes des maladies rhumatologiques, comme la douleur et la raideur, et pour am\u00e9liorer la fonction articulaire et la qualit\u00e9 de vie des patients.<\/div>\t\t\t\t\t\t\t\t<\/div>\n\t\t\t\t<\/div>\n\t\t\t\t\t<\/div>\n\t\t\t\t<\/div>\n\t\t\t\t<\/div>\n\t\t","protected":false},"excerpt":{"rendered":"<p>Rhumatologie Soulagez vos douleurs articulaires et am\u00e9liorez votre qualit\u00e9 de vie. La rhumatologie est une sp\u00e9cialit\u00e9 m\u00e9dicale qui se concentre sur le diagnostic et le traitement des maladies des articulations, des os, des muscles et des tissus conjonctifs. Les troubles courants incluent l&rsquo;arthrite, l&rsquo;ost\u00e9oarthrite, le lupus, et la fibromyalgie. \u00a0La kin\u00e9sith\u00e9rapie, d&rsquo;autre part, est une [&hellip;]<\/p>\n","protected":false},"author":3,"featured_media":0,"parent":0,"menu_order":0,"comment_status":"closed","ping_status":"closed","template":"","meta":{"footnotes":""},"class_list":["post-607","page","type-page","status-publish","hentry"],"_links":{"self":[{"href":"https:\/\/cryo-ales.fr\/kine\/wp-json\/wp\/v2\/pages\/607","targetHints":{"allow":["GET"]}}],"collection":[{"href":"https:\/\/cryo-ales.fr\/kine\/wp-json\/wp\/v2\/pages"}],"about":[{"href":"https:\/\/cryo-ales.fr\/kine\/wp-json\/wp\/v2\/types\/page"}],"author":[{"embeddable":true,"href":"https:\/\/cryo-ales.fr\/kine\/wp-json\/wp\/v2\/users\/3"}],"replies":[{"embeddable":true,"href":"https:\/\/cryo-ales.fr\/kine\/wp-json\/wp\/v2\/comments?post=607"}],"version-history":[{"count":7,"href":"https:\/\/cryo-ales.fr\/kine\/wp-json\/wp\/v2\/pages\/607\/revisions"}],"predecessor-version":[{"id":1080,"href":"https:\/\/cryo-ales.fr\/kine\/wp-json\/wp\/v2\/pages\/607\/revisions\/1080"}],"wp:attachment":[{"href":"https:\/\/cryo-ales.fr\/kine\/wp-json\/wp\/v2\/media?parent=607"}],"curies":[{"name":"wp","href":"https:\/\/api.w.org\/{rel}","templated":true}]}}